{"id":24138,"date":"2022-07-13T23:31:33","date_gmt":"2022-07-13T21:31:33","guid":{"rendered":"https:\/\/feuerwehrarpke.de\/WordPress_02\/?page_id=24138"},"modified":"2024-08-13T21:08:12","modified_gmt":"2024-08-13T19:08:12","slug":"startseite","status":"publish","type":"page","link":"https:\/\/feuerwehrarpke.de\/WordPress_02\/","title":{"rendered":"Startseite"},"content":{"rendered":"<div id=\"themify_builder_content-24138\" data-postid=\"24138\" class=\"themify_builder_content themify_builder_content-24138 themify_builder\">\n    \t<!-- module_row -->\n\t<div   class=\"themify_builder_row module_row clearfix fullwidth module_row_0 themify_builder_24138_row module_row_24138-0 tb_ud65371\">\n\t    \t    <div class=\"row_inner col_align_top\" >\n\t\t\t<div  class=\"module_column tb-column col-full first tb_24138_column module_column_0 module_column_24138-0-0 tb_vesv372\">\n\t    \t    \t        <div class=\"tb-column-inner\">\n\t\t        <!-- module image -->\n    <div  class=\"module module-image tb_027q856  image-center  \">\n\t                <div class=\"image-wrap\">\n                            <img decoding=\"async\" src=\"https:\/\/feuerwehrarpke.de\/WordPress_02\/wp-content\/uploads\/2022\/07\/Titelbild_FF_Webseite-1400x403.jpg\" width=\"1400\" class=\" wp-post-image wp-image-24146\" alt=\"Titelbild_FF_Webseite_Croped\" srcset=\"https:\/\/feuerwehrarpke.de\/WordPress_02\/wp-content\/uploads\/2022\/07\/Titelbild_FF_Webseite-1400x403.jpg 1400w, https:\/\/feuerwehrarpke.de\/WordPress_02\/wp-content\/uploads\/2022\/07\/Titelbild_FF_Webseite-300x86.jpg 300w, https:\/\/feuerwehrarpke.de\/WordPress_02\/wp-content\/uploads\/2022\/07\/Titelbild_FF_Webseite-768x221.jpg 768w, https:\/\/feuerwehrarpke.de\/WordPress_02\/wp-content\/uploads\/2022\/07\/Titelbild_FF_Webseite.jpg 1024w\" sizes=\"(max-width: 1400px) 100vw, 1400px\" \/>            \n                        <\/div>\n            <!-- \/image-wrap -->\n        \n        \n        <\/div>\n    <!-- \/module image -->\n\t<!-- module alert -->\n    <div  class=\"module ui module-alert tb_bytq676 button-bottom-center orange  rounded shadow repeat \" data-auto-close=\"\" data-module-id=\"tb_bytq676\" data-alert-limit=\"\">\n\t\t\n\t<div class=\"alert-inner\">\n\t    <div class=\"alert-content\">\n\t\t<h3 class=\"alert-heading\">ABC-\u00dcbung auf dem Dorffest in Arpke 2024<\/h3>\n\t\t<div class=\"tb_text_wrap\">\n\t\t    Erhalte Einblicke in die Arbeit von unseren Arpker Kameradinnen und Kameraden aus dem ABC-Zug.\t\t<\/div>\n\t    <\/div>\n\t    <!-- \/alert-content -->\n\t    \t\t<div class=\"alert-button\">\n\t\t    <a href=\"https:\/\/feuerwehrarpke.de\/WordPress_02\/unser-blog\/\" class=\"ui builder_button light-blue  \">\n\t\t\t<span class=\"tb_alert_text\">Hier klicken<\/span>\n\t\t    <\/a>\n\t\t<\/div>\n\t    \t<\/div>\n\t<div class=\"alert-close ti-close\"><\/div>\n\t<!-- \/alert-content -->\n    <\/div>\n        <!-- \/module alert -->\n\t        <\/div>\n\t    \t<\/div>\n\t\t    <\/div>\n\t    <!-- \/row_inner -->\n\t<\/div>\n\t<!-- \/module_row -->\n\t\t<!-- module_row -->\n\t<div   class=\"themify_builder_row module_row clearfix fullwidth_row_container module_row_1 themify_builder_24138_row module_row_24138-1 tb_av24793\">\n\t    \t    <div class=\"row_inner col_align_top\" >\n\t\t\t<div  class=\"module_column tb-column col-full first tb_24138_column module_column_0 module_column_24138-1-0 tb_ivmx794\">\n\t    \t    \t        <div class=\"tb-column-inner\">\n\t\t        <div class=\"tb_slider_loader\"><\/div>\n    <div  class=\"module clearfix themify_builder_slider_wrap module-slider tb_b64r336  slider-default    hide-desktop hide-tablet hide-tablet_landscape hide-mobile\">\n\t                    <h3 class=\"module-title\">News<\/h3>                <ul class=\"themify_builder_slider\"\n\t    data-id=\"tb_b64r336\"\n            data-visible=\"1\"\n            data-mob-visible=\"1\"\n            data-scroll=\"1\" \n            data-auto-scroll=\"5\"\n            data-speed=\"1\"\n            data-wrap=\"yes\"\n            data-arrow=\"yes\"\n            data-pagination=\"yes\"\n            data-effect=\"scroll\" \n            data-height=\"auto\"\n            data-pause-on-hover=\"resume\"\n            data-play-controller=\"no\"\n            data-horizontal=\"no\"\n            >\n                        <li>\n            <div class=\"slide-inner-wrap\">\n                \n                                    <div class=\"slide-content tb_text_wrap\">\n                                                                                    <h3 class=\"slide-title\">\n                                    <a href=\"https:\/\/feuerwehrarpke.de\/WordPress_02\/dienstthema-technische-hilfeleistung\/\"  \n                                        target=\"_blank\" rel=\"noopener\"                                       >\n                                       Dienstthema: Technische Hilfeleistung                                    <\/a>\n                                <\/h3>\n                                                                                                                        <\/div>\n                    <!-- \/slide-content -->\n                            <\/div>\n        <\/li>\n                <li>\n            <div class=\"slide-inner-wrap\">\n                \n                                    <div class=\"slide-content tb_text_wrap\">\n                                                                                    <h3 class=\"slide-title\">\n                                    <a href=\"https:\/\/feuerwehrarpke.de\/WordPress_02\/schuetzenfest-2022-die-fahnen-wurden-aufgehangen\/\"  \n                                        target=\"_blank\" rel=\"noopener\"                                       >\n                                       Sch\u00fctzenfest 2022 &#8211; die Fahnen wurden aufgehangen                                    <\/a>\n                                <\/h3>\n                                                                            <p>Endlich ist es wieder soweit, wir wollen Sch\u00fctzenfest feiern \ud83e\udd73\ud83d\udc68\u200d\ud83d\ude92\ud83d\udc69\u200d\ud83d\ude92<\/p>\n                                            <\/div>\n                    <!-- \/slide-content -->\n                            <\/div>\n        <\/li>\n                <li>\n            <div class=\"slide-inner-wrap\">\n                \n                                    <div class=\"slide-content tb_text_wrap\">\n                                                                                    <h3 class=\"slide-title\">\n                                    <a href=\"https:\/\/feuerwehrarpke.de\/WordPress_02\/freunde-zu-gast-kirchrode\/\"  \n                                        target=\"_blank\" rel=\"noopener\"                                       >\n                                       Freunde zu Gast &#8211; Kirchrode                                    <\/a>\n                                <\/h3>\n                                                                            <p>Endlich! Vor vielen Jahren bildete sich aus einer Bekanntschaft eine Freundschaft mit der Freiwilligen Feuerwehr Kirchrode! Diese konnten wir nach vielen Jahren wieder gemeinsam feiern. Das n\u00e4chste Mal besuchen wir [&hellip;]<\/p>\n                                            <\/div>\n                    <!-- \/slide-content -->\n                            <\/div>\n        <\/li>\n        <!-- \/themify_builder_slider -->        <\/ul>\n    <\/div>\n        \t<div  class=\"themify_builder_sub_row module_subrow clearfix sub_row_1-0-1 tb_45ap202\">\n\t    \t    <div class=\"subrow_inner col_align_top\" >\n\t\t\t<div  class=\"sub_column module_column col-full first sub_column_post_24138 sub_column_1-0-1-0 tb_jz7q203\"> \n\t    \t    \t        <div class=\"tb-column-inner\">\n\t\t            <!-- module fancy heading -->\n    <div  class=\"module module-fancy-heading tb_agqk170  \">\n\t        <h3 class=\"fancy-heading tb-align-center\">\n        <span  class=\"main-head\">\n            Kontakt        <\/span>\n        <span class=\"sub-head\">\n                    <\/span>\n\n        <\/h3>\n    <\/div>\n    <!-- \/module fancy heading -->\n\t        <\/div>\n\t    \t<\/div>\n\t\t    <\/div>\n\t<\/div><!-- \/themify_builder_sub_row -->\n\t\t<div  class=\"themify_builder_sub_row module_subrow clearfix sub_row_1-0-2 tb_hfao788\">\n\t    \t    <div class=\"subrow_inner col_align_top\" >\n\t\t\t<div  class=\"sub_column module_column col2-1 first sub_column_post_24138 sub_column_1-0-2-0 tb_9sdz790\"> \n\t    \t    \t        <div class=\"tb-column-inner\">\n\t\t        <!-- module image -->\n    <div  class=\"module module-image tb_xut5652  image-card-layout  \">\n\t                <div class=\"image-wrap\">\n                            <img loading=\"lazy\" decoding=\"async\" width=\"2560\" height=\"1708\" src=\"https:\/\/feuerwehrarpke.de\/WordPress_02\/wp-content\/uploads\/2020\/04\/C.-Rex-Arpke-1-scaled.jpg\" class=\" wp-post-image wp-image-22427\" title=\"Ortsbrandmeister\" alt=\"Carsten Rex\" srcset=\"https:\/\/feuerwehrarpke.de\/WordPress_02\/wp-content\/uploads\/2020\/04\/C.-Rex-Arpke-1-scaled.jpg 2560w, https:\/\/feuerwehrarpke.de\/WordPress_02\/wp-content\/uploads\/2020\/04\/C.-Rex-Arpke-1-300x200.jpg 300w, https:\/\/feuerwehrarpke.de\/WordPress_02\/wp-content\/uploads\/2020\/04\/C.-Rex-Arpke-1-1024x683.jpg 1024w, https:\/\/feuerwehrarpke.de\/WordPress_02\/wp-content\/uploads\/2020\/04\/C.-Rex-Arpke-1-768x512.jpg 768w, https:\/\/feuerwehrarpke.de\/WordPress_02\/wp-content\/uploads\/2020\/04\/C.-Rex-Arpke-1-1536x1025.jpg 1536w, https:\/\/feuerwehrarpke.de\/WordPress_02\/wp-content\/uploads\/2020\/04\/C.-Rex-Arpke-1-2048x1366.jpg 2048w\" sizes=\"auto, (max-width: 2560px) 100vw, 2560px\" \/>            \n                        <\/div>\n            <!-- \/image-wrap -->\n        \n                    <div class=\"image-content\">\n                                    <h3 class=\"image-title\">\n                                                    Ortsbrandmeister                                            <\/h3>\n                \n\t\t                    <div class=\"image-caption tb_text_wrap\">\n                        Carsten Rex                <\/div>\n                <!-- \/image-caption -->\n                            <\/div>\n            <!-- \/image-content -->\n        \n        <\/div>\n    <!-- \/module image -->\n    <!-- module buttons -->\n    <div  class=\"module module-buttons tb_rumi207 large transparent squared   tb-align-center\">\n\t        \t<div class=\"module-buttons\">\n                            <div class=\"module-buttons-item  buttons-horizontal\">\n\t\t    \t\t\t<a href=\"https:\/\/feuerwehrarpke.de\/WordPress_02\/kontakt-obm\/\" class=\"ui builder_button tb_default_color\" >\n\t\t    \t\t    \t\t\t    <i class=\"ti-email\"><\/i>\t\t    \t\t\t<span>Nachricht schreiben<\/span>\n\t\t    \t\t    \t\t\t<\/a>\n\t\t                    <\/div>\n                    <\/div>\n    <\/div>\n    <!-- \/module buttons -->\n\t        <\/div>\n\t    \t<\/div>\n\t\t<div  class=\"sub_column module_column col2-1 last sub_column_post_24138 sub_column_1-0-2-1 tb_th5t791\"> \n\t    \t    \t        <div class=\"tb-column-inner\">\n\t\t        <!-- module image -->\n    <div  class=\"module module-image tb_9cs5545  image-card-layout  \">\n\t                <div class=\"image-wrap\">\n                            <img loading=\"lazy\" decoding=\"async\" width=\"1280\" height=\"854\" src=\"https:\/\/feuerwehrarpke.de\/WordPress_02\/wp-content\/uploads\/2020\/04\/D.kurowski-1.jpg\" class=\" wp-post-image wp-image-22453\" title=\"stellv. Ortsbrandmeister\" alt=\"Daniel Kurowski\" srcset=\"https:\/\/feuerwehrarpke.de\/WordPress_02\/wp-content\/uploads\/2020\/04\/D.kurowski-1.jpg 1280w, https:\/\/feuerwehrarpke.de\/WordPress_02\/wp-content\/uploads\/2020\/04\/D.kurowski-1-300x200.jpg 300w, https:\/\/feuerwehrarpke.de\/WordPress_02\/wp-content\/uploads\/2020\/04\/D.kurowski-1-1024x683.jpg 1024w, https:\/\/feuerwehrarpke.de\/WordPress_02\/wp-content\/uploads\/2020\/04\/D.kurowski-1-768x512.jpg 768w\" sizes=\"auto, (max-width: 1280px) 100vw, 1280px\" \/>            \n                        <\/div>\n            <!-- \/image-wrap -->\n        \n                    <div class=\"image-content\">\n                                    <h3 class=\"image-title\">\n                                                    stellv. Ortsbrandmeister                                            <\/h3>\n                \n\t\t                    <div class=\"image-caption tb_text_wrap\">\n                        Daniel Kurowski                <\/div>\n                <!-- \/image-caption -->\n                            <\/div>\n            <!-- \/image-content -->\n        \n        <\/div>\n    <!-- \/module image -->\n    <!-- module buttons -->\n    <div  class=\"module module-buttons tb_buty947 large transparent squared   tb-align-center\">\n\t        \t<div class=\"module-buttons\">\n                            <div class=\"module-buttons-item  buttons-horizontal\">\n\t\t    \t\t\t<a href=\"https:\/\/feuerwehrarpke.de\/WordPress_02\/kontakt-stellv-obm\/\" class=\"ui builder_button tb_default_color\" >\n\t\t    \t\t    \t\t\t    <i class=\"ti-email\"><\/i>\t\t    \t\t\t<span>Nachricht schreiben<\/span>\n\t\t    \t\t    \t\t\t<\/a>\n\t\t                    <\/div>\n                    <\/div>\n    <\/div>\n    <!-- \/module buttons -->\n\t        <\/div>\n\t    \t<\/div>\n\t\t    <\/div>\n\t<\/div><!-- \/themify_builder_sub_row -->\n\t\t        <\/div>\n\t    \t<\/div>\n\t\t    <\/div>\n\t    <!-- \/row_inner -->\n\t<\/div>\n\t<!-- \/module_row -->\n\t<\/div>\n\n","protected":false},"excerpt":{"rendered":"","protected":false},"author":50,"featured_media":0,"parent":0,"menu_order":0,"comment_status":"closed","ping_status":"closed","template":"","meta":{"footnotes":""},"class_list":["post-24138","page","type-page","status-publish","hentry","has-post-title","has-post-date","has-post-category","has-post-tag","has-post-comment","has-post-author",""],"yoast_head":"<!-- This site is optimized with the Yoast SEO plugin v27.4 - https:\/\/yoast.com\/product\/yoast-seo-wordpress\/ -->\n<title>Startseite - Feuerwehr Arpke<\/title>\n<meta name=\"description\" content=\"Herzlich willkommen bei der Freiwilligen Feuerwehr Arpke! Hier erf\u00e4hrst du alles \u00fcber uns und die M\u00f6glichkeiten, uns zu unterst\u00fctzen!\" \/>\n<meta name=\"robots\" content=\"index, follow, max-snippet:-1, max-image-preview:large, max-video-preview:-1\" \/>\n<link rel=\"canonical\" href=\"https:\/\/feuerwehrarpke.de\/WordPress_02\/\" \/>\n<meta property=\"og:locale\" content=\"de_DE\" \/>\n<meta property=\"og:type\" content=\"article\" \/>\n<meta property=\"og:title\" content=\"Startseite - Feuerwehr Arpke\" \/>\n<meta property=\"og:description\" content=\"Herzlich willkommen bei der Freiwilligen Feuerwehr Arpke! Hier erf\u00e4hrst du alles \u00fcber uns und die M\u00f6glichkeiten, uns zu unterst\u00fctzen!\" \/>\n<meta property=\"og:url\" content=\"https:\/\/feuerwehrarpke.de\/WordPress_02\/\" \/>\n<meta property=\"og:site_name\" content=\"Feuerwehr Arpke\" \/>\n<meta property=\"article:publisher\" content=\"https:\/\/www.facebook.com\/ffarpke\" \/>\n<meta property=\"article:modified_time\" content=\"2024-08-13T19:08:12+00:00\" \/>\n<meta property=\"og:image\" content=\"https:\/\/feuerwehrarpke.de\/WordPress_02\/wp-content\/uploads\/2020\/04\/10712998_632939373479388_5669404394641876392_n-1.jpg\" \/>\n\t<meta property=\"og:image:width\" content=\"500\" \/>\n\t<meta property=\"og:image:height\" content=\"500\" \/>\n\t<meta property=\"og:image:type\" content=\"image\/jpeg\" \/>\n<meta name=\"twitter:label1\" content=\"Gesch\u00e4tzte Lesezeit\" \/>\n\t<meta name=\"twitter:data1\" content=\"1\u00a0Minute\" \/>\n<script type=\"application\/ld+json\" class=\"yoast-schema-graph\">{\"@context\":\"https:\\\/\\\/schema.org\",\"@graph\":[{\"@type\":\"WebPage\",\"@id\":\"https:\\\/\\\/feuerwehrarpke.de\\\/WordPress_02\\\/\",\"url\":\"https:\\\/\\\/feuerwehrarpke.de\\\/WordPress_02\\\/\",\"name\":\"Startseite - Feuerwehr Arpke\",\"isPartOf\":{\"@id\":\"https:\\\/\\\/feuerwehrarpke.de\\\/WordPress_02\\\/#website\"},\"datePublished\":\"2022-07-13T21:31:33+00:00\",\"dateModified\":\"2024-08-13T19:08:12+00:00\",\"description\":\"Herzlich willkommen bei der Freiwilligen Feuerwehr Arpke! Hier erf\u00e4hrst du alles \u00fcber uns und die M\u00f6glichkeiten, uns zu unterst\u00fctzen!\",\"breadcrumb\":{\"@id\":\"https:\\\/\\\/feuerwehrarpke.de\\\/WordPress_02\\\/#breadcrumb\"},\"inLanguage\":\"de\",\"potentialAction\":[{\"@type\":\"ReadAction\",\"target\":[\"https:\\\/\\\/feuerwehrarpke.de\\\/WordPress_02\\\/\"]}]},{\"@type\":\"BreadcrumbList\",\"@id\":\"https:\\\/\\\/feuerwehrarpke.de\\\/WordPress_02\\\/#breadcrumb\",\"itemListElement\":[{\"@type\":\"ListItem\",\"position\":1,\"name\":\"Startseite\",\"item\":\"https:\\\/\\\/feuerwehrarpke.de\\\/WordPress_02\\\/\"},{\"@type\":\"ListItem\",\"position\":2,\"name\":\"Startseite\"}]},{\"@type\":\"WebSite\",\"@id\":\"https:\\\/\\\/feuerwehrarpke.de\\\/WordPress_02\\\/#website\",\"url\":\"https:\\\/\\\/feuerwehrarpke.de\\\/WordPress_02\\\/\",\"name\":\"Feuerwehr Arpke\",\"description\":\"Homepage der Feuerwehr Arpke\",\"publisher\":{\"@id\":\"https:\\\/\\\/feuerwehrarpke.de\\\/WordPress_02\\\/#organization\"},\"potentialAction\":[{\"@type\":\"SearchAction\",\"target\":{\"@type\":\"EntryPoint\",\"urlTemplate\":\"https:\\\/\\\/feuerwehrarpke.de\\\/WordPress_02\\\/?s={search_term_string}\"},\"query-input\":{\"@type\":\"PropertyValueSpecification\",\"valueRequired\":true,\"valueName\":\"search_term_string\"}}],\"inLanguage\":\"de\"},{\"@type\":\"Organization\",\"@id\":\"https:\\\/\\\/feuerwehrarpke.de\\\/WordPress_02\\\/#organization\",\"name\":\"Feuerwehr Arpke\",\"url\":\"https:\\\/\\\/feuerwehrarpke.de\\\/WordPress_02\\\/\",\"logo\":{\"@type\":\"ImageObject\",\"inLanguage\":\"de\",\"@id\":\"https:\\\/\\\/feuerwehrarpke.de\\\/WordPress_02\\\/#\\\/schema\\\/logo\\\/image\\\/\",\"url\":\"https:\\\/\\\/feuerwehrarpke.de\\\/WordPress_02\\\/wp-content\\\/uploads\\\/2019\\\/12\\\/Logo_Feuerwehr_Lehrte.png\",\"contentUrl\":\"https:\\\/\\\/feuerwehrarpke.de\\\/WordPress_02\\\/wp-content\\\/uploads\\\/2019\\\/12\\\/Logo_Feuerwehr_Lehrte.png\",\"width\":512,\"height\":512,\"caption\":\"Feuerwehr Arpke\"},\"image\":{\"@id\":\"https:\\\/\\\/feuerwehrarpke.de\\\/WordPress_02\\\/#\\\/schema\\\/logo\\\/image\\\/\"},\"sameAs\":[\"https:\\\/\\\/www.facebook.com\\\/ffarpke\",\"https:\\\/\\\/www.instagram.com\\\/ffarpke\\\/\"]}]}<\/script>\n<!-- \/ Yoast SEO plugin. -->","yoast_head_json":{"title":"Startseite - Feuerwehr Arpke","description":"Herzlich willkommen bei der Freiwilligen Feuerwehr Arpke! Hier erf\u00e4hrst du alles \u00fcber uns und die M\u00f6glichkeiten, uns zu unterst\u00fctzen!","robots":{"index":"index","follow":"follow","max-snippet":"max-snippet:-1","max-image-preview":"max-image-preview:large","max-video-preview":"max-video-preview:-1"},"canonical":"https:\/\/feuerwehrarpke.de\/WordPress_02\/","og_locale":"de_DE","og_type":"article","og_title":"Startseite - Feuerwehr Arpke","og_description":"Herzlich willkommen bei der Freiwilligen Feuerwehr Arpke! Hier erf\u00e4hrst du alles \u00fcber uns und die M\u00f6glichkeiten, uns zu unterst\u00fctzen!","og_url":"https:\/\/feuerwehrarpke.de\/WordPress_02\/","og_site_name":"Feuerwehr Arpke","article_publisher":"https:\/\/www.facebook.com\/ffarpke","article_modified_time":"2024-08-13T19:08:12+00:00","og_image":[{"width":500,"height":500,"url":"https:\/\/feuerwehrarpke.de\/WordPress_02\/wp-content\/uploads\/2020\/04\/10712998_632939373479388_5669404394641876392_n-1.jpg","type":"image\/jpeg"}],"twitter_misc":{"Gesch\u00e4tzte Lesezeit":"1\u00a0Minute"},"schema":{"@context":"https:\/\/schema.org","@graph":[{"@type":"WebPage","@id":"https:\/\/feuerwehrarpke.de\/WordPress_02\/","url":"https:\/\/feuerwehrarpke.de\/WordPress_02\/","name":"Startseite - Feuerwehr Arpke","isPartOf":{"@id":"https:\/\/feuerwehrarpke.de\/WordPress_02\/#website"},"datePublished":"2022-07-13T21:31:33+00:00","dateModified":"2024-08-13T19:08:12+00:00","description":"Herzlich willkommen bei der Freiwilligen Feuerwehr Arpke! Hier erf\u00e4hrst du alles \u00fcber uns und die M\u00f6glichkeiten, uns zu unterst\u00fctzen!","breadcrumb":{"@id":"https:\/\/feuerwehrarpke.de\/WordPress_02\/#breadcrumb"},"inLanguage":"de","potentialAction":[{"@type":"ReadAction","target":["https:\/\/feuerwehrarpke.de\/WordPress_02\/"]}]},{"@type":"BreadcrumbList","@id":"https:\/\/feuerwehrarpke.de\/WordPress_02\/#breadcrumb","itemListElement":[{"@type":"ListItem","position":1,"name":"Startseite","item":"https:\/\/feuerwehrarpke.de\/WordPress_02\/"},{"@type":"ListItem","position":2,"name":"Startseite"}]},{"@type":"WebSite","@id":"https:\/\/feuerwehrarpke.de\/WordPress_02\/#website","url":"https:\/\/feuerwehrarpke.de\/WordPress_02\/","name":"Feuerwehr Arpke","description":"Homepage der Feuerwehr Arpke","publisher":{"@id":"https:\/\/feuerwehrarpke.de\/WordPress_02\/#organization"},"potentialAction":[{"@type":"SearchAction","target":{"@type":"EntryPoint","urlTemplate":"https:\/\/feuerwehrarpke.de\/WordPress_02\/?s={search_term_string}"},"query-input":{"@type":"PropertyValueSpecification","valueRequired":true,"valueName":"search_term_string"}}],"inLanguage":"de"},{"@type":"Organization","@id":"https:\/\/feuerwehrarpke.de\/WordPress_02\/#organization","name":"Feuerwehr Arpke","url":"https:\/\/feuerwehrarpke.de\/WordPress_02\/","logo":{"@type":"ImageObject","inLanguage":"de","@id":"https:\/\/feuerwehrarpke.de\/WordPress_02\/#\/schema\/logo\/image\/","url":"https:\/\/feuerwehrarpke.de\/WordPress_02\/wp-content\/uploads\/2019\/12\/Logo_Feuerwehr_Lehrte.png","contentUrl":"https:\/\/feuerwehrarpke.de\/WordPress_02\/wp-content\/uploads\/2019\/12\/Logo_Feuerwehr_Lehrte.png","width":512,"height":512,"caption":"Feuerwehr Arpke"},"image":{"@id":"https:\/\/feuerwehrarpke.de\/WordPress_02\/#\/schema\/logo\/image\/"},"sameAs":["https:\/\/www.facebook.com\/ffarpke","https:\/\/www.instagram.com\/ffarpke\/"]}]}},"builder_content":"<img decoding=\"async\" src=\"https:\/\/feuerwehrarpke.de\/WordPress_02\/wp-content\/uploads\/2022\/07\/Titelbild_FF_Webseite-1400x403.jpg\" width=\"1400\" alt=\"Titelbild_FF_Webseite_Croped\" srcset=\"https:\/\/feuerwehrarpke.de\/WordPress_02\/wp-content\/uploads\/2022\/07\/Titelbild_FF_Webseite-1400x403.jpg 1400w, https:\/\/feuerwehrarpke.de\/WordPress_02\/wp-content\/uploads\/2022\/07\/Titelbild_FF_Webseite-300x86.jpg 300w, https:\/\/feuerwehrarpke.de\/WordPress_02\/wp-content\/uploads\/2022\/07\/Titelbild_FF_Webseite-768x221.jpg 768w, https:\/\/feuerwehrarpke.de\/WordPress_02\/wp-content\/uploads\/2022\/07\/Titelbild_FF_Webseite.jpg 1024w\" sizes=\"(max-width: 1400px) 100vw, 1400px\" \/>\n<h3>ABC-\u00dcbung auf dem Dorffest in Arpke 2024<\/h3> Erhalte Einblicke in die Arbeit von unseren Arpker Kameradinnen und Kameraden aus dem ABC-Zug. <a href=\"https:\/\/feuerwehrarpke.de\/WordPress_02\/unser-blog\/\"> Hier klicken <\/a>\n\n<h3>Kontakt<br\/><\/h3>\n<img loading=\"lazy\" decoding=\"async\" width=\"2560\" height=\"1708\" src=\"https:\/\/feuerwehrarpke.de\/WordPress_02\/wp-content\/uploads\/2020\/04\/C.-Rex-Arpke-1-scaled.jpg\" title=\"Ortsbrandmeister\" alt=\"Carsten Rex\" srcset=\"https:\/\/feuerwehrarpke.de\/WordPress_02\/wp-content\/uploads\/2020\/04\/C.-Rex-Arpke-1-scaled.jpg 2560w, https:\/\/feuerwehrarpke.de\/WordPress_02\/wp-content\/uploads\/2020\/04\/C.-Rex-Arpke-1-300x200.jpg 300w, https:\/\/feuerwehrarpke.de\/WordPress_02\/wp-content\/uploads\/2020\/04\/C.-Rex-Arpke-1-1024x683.jpg 1024w, https:\/\/feuerwehrarpke.de\/WordPress_02\/wp-content\/uploads\/2020\/04\/C.-Rex-Arpke-1-768x512.jpg 768w, https:\/\/feuerwehrarpke.de\/WordPress_02\/wp-content\/uploads\/2020\/04\/C.-Rex-Arpke-1-1536x1025.jpg 1536w, https:\/\/feuerwehrarpke.de\/WordPress_02\/wp-content\/uploads\/2020\/04\/C.-Rex-Arpke-1-2048x1366.jpg 2048w\" sizes=\"auto, (max-width: 2560px) 100vw, 2560px\" \/> <h3> Ortsbrandmeister <\/h3> Carsten Rex\n<a href=\"https:\/\/feuerwehrarpke.de\/WordPress_02\/kontakt-obm\/\" > Nachricht schreiben <\/a>\n<img loading=\"lazy\" decoding=\"async\" width=\"1280\" height=\"854\" src=\"https:\/\/feuerwehrarpke.de\/WordPress_02\/wp-content\/uploads\/2020\/04\/D.kurowski-1.jpg\" title=\"stellv. Ortsbrandmeister\" alt=\"Daniel Kurowski\" srcset=\"https:\/\/feuerwehrarpke.de\/WordPress_02\/wp-content\/uploads\/2020\/04\/D.kurowski-1.jpg 1280w, https:\/\/feuerwehrarpke.de\/WordPress_02\/wp-content\/uploads\/2020\/04\/D.kurowski-1-300x200.jpg 300w, https:\/\/feuerwehrarpke.de\/WordPress_02\/wp-content\/uploads\/2020\/04\/D.kurowski-1-1024x683.jpg 1024w, https:\/\/feuerwehrarpke.de\/WordPress_02\/wp-content\/uploads\/2020\/04\/D.kurowski-1-768x512.jpg 768w\" sizes=\"auto, (max-width: 1280px) 100vw, 1280px\" \/> <h3> stellv. Ortsbrandmeister <\/h3> Daniel Kurowski\n<a href=\"https:\/\/feuerwehrarpke.de\/WordPress_02\/kontakt-stellv-obm\/\" > Nachricht schreiben <\/a>","_links":{"self":[{"href":"https:\/\/feuerwehrarpke.de\/WordPress_02\/wp-json\/wp\/v2\/pages\/24138","targetHints":{"allow":["GET"]}}],"collection":[{"href":"https:\/\/feuerwehrarpke.de\/WordPress_02\/wp-json\/wp\/v2\/pages"}],"about":[{"href":"https:\/\/feuerwehrarpke.de\/WordPress_02\/wp-json\/wp\/v2\/types\/page"}],"author":[{"embeddable":true,"href":"https:\/\/feuerwehrarpke.de\/WordPress_02\/wp-json\/wp\/v2\/users\/50"}],"replies":[{"embeddable":true,"href":"https:\/\/feuerwehrarpke.de\/WordPress_02\/wp-json\/wp\/v2\/comments?post=24138"}],"version-history":[{"count":0,"href":"https:\/\/feuerwehrarpke.de\/WordPress_02\/wp-json\/wp\/v2\/pages\/24138\/revisions"}],"wp:attachment":[{"href":"https:\/\/feuerwehrarpke.de\/WordPress_02\/wp-json\/wp\/v2\/media?parent=24138"}],"curies":[{"name":"wp","href":"https:\/\/api.w.org\/{rel}","templated":true}]}}