{"id":24188,"date":"2022-07-15T10:15:39","date_gmt":"2022-07-15T08:15:39","guid":{"rendered":"https:\/\/feuerwehrarpke.de\/WordPress_02\/?page_id=24188"},"modified":"2022-09-05T19:23:33","modified_gmt":"2022-09-05T17:23:33","slug":"ueber-uns","status":"publish","type":"page","link":"https:\/\/feuerwehrarpke.de\/WordPress_02\/ueber-uns\/","title":{"rendered":"\u00dcberUns"},"content":{"rendered":"<div id=\"themify_builder_content-24188\" data-postid=\"24188\" class=\"themify_builder_content themify_builder_content-24188 themify_builder\">\n    \t<!-- module_row -->\n\t<div  class=\"themify_builder_row module_row clearfix module_row_0 themify_builder_24188_row module_row_24188-0 tb_n0ar195\">\n\t    \t    <div class=\"row_inner col_align_top\" >\n\t\t\t<div  class=\"module_column tb-column col-full first tb_24188_column module_column_0 module_column_24188-0-0 tb_qgxh195\">\n\t    \t    \t        <div class=\"tb-column-inner\">\n\t\t            <!-- module fancy heading -->\n    <div  class=\"module module-fancy-heading tb_blxl607  \">\n\t        <h3 class=\"fancy-heading tb-align-center\">\n        <span  class=\"main-head\">\n            4. Zug        <\/span>\n        <span class=\"sub-head\">\n            Ortsfeuerwehr Arpke        <\/span>\n\n        <\/h3>\n    <\/div>\n    <!-- \/module fancy heading -->\n\t        <\/div>\n\t    \t<\/div>\n\t\t    <\/div>\n\t    <!-- \/row_inner -->\n\t<\/div>\n\t<!-- \/module_row -->\n\t\t<!-- module_row -->\n\t<div  class=\"themify_builder_row module_row clearfix module_row_1 themify_builder_24188_row module_row_24188-1 tb_fzyf672\">\n\t    \t    <div class=\"row_inner col_align_top\" >\n\t\t\t<div  class=\"module_column tb-column col-full first tb_24188_column module_column_0 module_column_24188-1-0 tb_fato674\">\n\t    \t    \t        <div class=\"tb-column-inner\">\n\t\t    <!-- module text -->\n<div  class=\"module module-text tb_05vq566  repeat  \">\n            <div  class=\"tb_text_wrap\">\n    <p style=\"text-align: center;\">Im \u00f6stlichen Bereich des Stadtgebietes Lehrte bildet die Ortsfeuerwehr Arpke mit der Feuerwehr Sievershausen den L\u00f6schzug 4 der Feuerwehr Lehrte.<\/p>\n<p style=\"text-align: center;\">Rund 50 Kameraden leisten in der Ortsfeuerwehr Arpke ihren aktiven Einsatzdienst ab. Unser Schwerpunkt als L\u00f6schzug 4 liegt im Bereich Atemschutz. Des weiteren beteiligen wir uns am ABC Zug der Region Hannover Ost.<\/p>\n<p style=\"text-align: center;\">Das Feuerwehrhaus ist zentral am Dorfteich Arpke gelegen und Treffpunkt f\u00fcr Jung und Alt. Die Ortsfeuerwehr Arpke setzt sich zusammen aus den Abteilungen Kinderfeuerwehr, Jugendfeuerwehr, Einsatzabteilung, Alters- und Ehrenabteilung sowie zahlreichen f\u00f6rdernden Mitgliedern.<\/p>\n<p style=\"text-align: center;\">Die Ortsfeuerwehr Arpke wird unterst\u00fctzt durch den F\u00f6rderverein der Ortsfeuerwehr Arpke. Dieser spendet regelm\u00e4\u00dfig nach Bedarf an die verschiedenen Abteilungen der Ortsfeuerwehr. So k\u00f6nnen beispielsweise Ma\u00dfnahmen der Mitgliederwerbung, Anschaffungen f\u00fcr die Kinder- und Jugendfeuerwehr wie auch Einsatzmittel (welche nicht in der Anschaffungsplanung der Stadt Lehrte vorgesehen sind) finanziert werden.<\/p>    <\/div>\n<\/div>\n<!-- \/module text -->\n\t        <\/div>\n\t    \t<\/div>\n\t\t    <\/div>\n\t    <!-- \/row_inner -->\n\t<\/div>\n\t<!-- \/module_row -->\n\t<\/div>\n\n","protected":false},"excerpt":{"rendered":"<p>Im \u00f6stlichen Bereich des Stadtgebietes Lehrte bildet die Ortsfeuerwehr Arpke mit der Feuerwehr Sievershausen den L\u00f6schzug 4 der Feuerwehr Lehrte. Rund 50 Kameraden leisten in der Ortsfeuerwehr Arpke ihren aktiven [&hellip;]<\/p>\n","protected":false},"author":50,"featured_media":0,"parent":0,"menu_order":0,"comment_status":"closed","ping_status":"closed","template":"","meta":{"footnotes":""},"class_list":["post-24188","page","type-page","status-publish","hentry","has-post-title","has-post-date","has-post-category","has-post-tag","has-post-comment","has-post-author",""],"yoast_head":"<!-- This site is optimized with the Yoast SEO plugin v27.4 - https:\/\/yoast.com\/product\/yoast-seo-wordpress\/ -->\n<title>\u00dcberUns - Feuerwehr Arpke<\/title>\n<meta name=\"robots\" content=\"index, follow, max-snippet:-1, max-image-preview:large, max-video-preview:-1\" \/>\n<link rel=\"canonical\" href=\"https:\/\/feuerwehrarpke.de\/WordPress_02\/ueber-uns\/\" \/>\n<meta property=\"og:locale\" content=\"de_DE\" \/>\n<meta property=\"og:type\" content=\"article\" \/>\n<meta property=\"og:title\" content=\"\u00dcberUns - Feuerwehr Arpke\" \/>\n<meta property=\"og:description\" content=\"Im \u00f6stlichen Bereich des Stadtgebietes Lehrte bildet die Ortsfeuerwehr Arpke mit der Feuerwehr Sievershausen den L\u00f6schzug 4 der Feuerwehr Lehrte. Rund 50 Kameraden leisten in der Ortsfeuerwehr Arpke ihren aktiven [&hellip;]\" \/>\n<meta property=\"og:url\" content=\"https:\/\/feuerwehrarpke.de\/WordPress_02\/ueber-uns\/\" \/>\n<meta property=\"og:site_name\" content=\"Feuerwehr Arpke\" \/>\n<meta property=\"article:publisher\" content=\"https:\/\/www.facebook.com\/ffarpke\" \/>\n<meta property=\"article:modified_time\" content=\"2022-09-05T17:23:33+00:00\" \/>\n<meta property=\"og:image\" content=\"https:\/\/feuerwehrarpke.de\/WordPress_02\/wp-content\/uploads\/2020\/04\/10712998_632939373479388_5669404394641876392_n-1.jpg\" \/>\n\t<meta property=\"og:image:width\" content=\"500\" \/>\n\t<meta property=\"og:image:height\" content=\"500\" \/>\n\t<meta property=\"og:image:type\" content=\"image\/jpeg\" \/>\n<script type=\"application\/ld+json\" class=\"yoast-schema-graph\">{\"@context\":\"https:\\\/\\\/schema.org\",\"@graph\":[{\"@type\":\"WebPage\",\"@id\":\"https:\\\/\\\/feuerwehrarpke.de\\\/WordPress_02\\\/ueber-uns\\\/\",\"url\":\"https:\\\/\\\/feuerwehrarpke.de\\\/WordPress_02\\\/ueber-uns\\\/\",\"name\":\"\u00dcberUns - Feuerwehr Arpke\",\"isPartOf\":{\"@id\":\"https:\\\/\\\/feuerwehrarpke.de\\\/WordPress_02\\\/#website\"},\"datePublished\":\"2022-07-15T08:15:39+00:00\",\"dateModified\":\"2022-09-05T17:23:33+00:00\",\"breadcrumb\":{\"@id\":\"https:\\\/\\\/feuerwehrarpke.de\\\/WordPress_02\\\/ueber-uns\\\/#breadcrumb\"},\"inLanguage\":\"de\",\"potentialAction\":[{\"@type\":\"ReadAction\",\"target\":[\"https:\\\/\\\/feuerwehrarpke.de\\\/WordPress_02\\\/ueber-uns\\\/\"]}]},{\"@type\":\"BreadcrumbList\",\"@id\":\"https:\\\/\\\/feuerwehrarpke.de\\\/WordPress_02\\\/ueber-uns\\\/#breadcrumb\",\"itemListElement\":[{\"@type\":\"ListItem\",\"position\":1,\"name\":\"Startseite\",\"item\":\"https:\\\/\\\/feuerwehrarpke.de\\\/WordPress_02\\\/\"},{\"@type\":\"ListItem\",\"position\":2,\"name\":\"\u00dcberUns\"}]},{\"@type\":\"WebSite\",\"@id\":\"https:\\\/\\\/feuerwehrarpke.de\\\/WordPress_02\\\/#website\",\"url\":\"https:\\\/\\\/feuerwehrarpke.de\\\/WordPress_02\\\/\",\"name\":\"Feuerwehr Arpke\",\"description\":\"Homepage der Feuerwehr Arpke\",\"publisher\":{\"@id\":\"https:\\\/\\\/feuerwehrarpke.de\\\/WordPress_02\\\/#organization\"},\"potentialAction\":[{\"@type\":\"SearchAction\",\"target\":{\"@type\":\"EntryPoint\",\"urlTemplate\":\"https:\\\/\\\/feuerwehrarpke.de\\\/WordPress_02\\\/?s={search_term_string}\"},\"query-input\":{\"@type\":\"PropertyValueSpecification\",\"valueRequired\":true,\"valueName\":\"search_term_string\"}}],\"inLanguage\":\"de\"},{\"@type\":\"Organization\",\"@id\":\"https:\\\/\\\/feuerwehrarpke.de\\\/WordPress_02\\\/#organization\",\"name\":\"Feuerwehr Arpke\",\"url\":\"https:\\\/\\\/feuerwehrarpke.de\\\/WordPress_02\\\/\",\"logo\":{\"@type\":\"ImageObject\",\"inLanguage\":\"de\",\"@id\":\"https:\\\/\\\/feuerwehrarpke.de\\\/WordPress_02\\\/#\\\/schema\\\/logo\\\/image\\\/\",\"url\":\"https:\\\/\\\/feuerwehrarpke.de\\\/WordPress_02\\\/wp-content\\\/uploads\\\/2019\\\/12\\\/Logo_Feuerwehr_Lehrte.png\",\"contentUrl\":\"https:\\\/\\\/feuerwehrarpke.de\\\/WordPress_02\\\/wp-content\\\/uploads\\\/2019\\\/12\\\/Logo_Feuerwehr_Lehrte.png\",\"width\":512,\"height\":512,\"caption\":\"Feuerwehr Arpke\"},\"image\":{\"@id\":\"https:\\\/\\\/feuerwehrarpke.de\\\/WordPress_02\\\/#\\\/schema\\\/logo\\\/image\\\/\"},\"sameAs\":[\"https:\\\/\\\/www.facebook.com\\\/ffarpke\",\"https:\\\/\\\/www.instagram.com\\\/ffarpke\\\/\"]}]}<\/script>\n<!-- \/ Yoast SEO plugin. -->","yoast_head_json":{"title":"\u00dcberUns - Feuerwehr Arpke","robots":{"index":"index","follow":"follow","max-snippet":"max-snippet:-1","max-image-preview":"max-image-preview:large","max-video-preview":"max-video-preview:-1"},"canonical":"https:\/\/feuerwehrarpke.de\/WordPress_02\/ueber-uns\/","og_locale":"de_DE","og_type":"article","og_title":"\u00dcberUns - Feuerwehr Arpke","og_description":"Im \u00f6stlichen Bereich des Stadtgebietes Lehrte bildet die Ortsfeuerwehr Arpke mit der Feuerwehr Sievershausen den L\u00f6schzug 4 der Feuerwehr Lehrte. Rund 50 Kameraden leisten in der Ortsfeuerwehr Arpke ihren aktiven [&hellip;]","og_url":"https:\/\/feuerwehrarpke.de\/WordPress_02\/ueber-uns\/","og_site_name":"Feuerwehr Arpke","article_publisher":"https:\/\/www.facebook.com\/ffarpke","article_modified_time":"2022-09-05T17:23:33+00:00","og_image":[{"width":500,"height":500,"url":"https:\/\/feuerwehrarpke.de\/WordPress_02\/wp-content\/uploads\/2020\/04\/10712998_632939373479388_5669404394641876392_n-1.jpg","type":"image\/jpeg"}],"schema":{"@context":"https:\/\/schema.org","@graph":[{"@type":"WebPage","@id":"https:\/\/feuerwehrarpke.de\/WordPress_02\/ueber-uns\/","url":"https:\/\/feuerwehrarpke.de\/WordPress_02\/ueber-uns\/","name":"\u00dcberUns - Feuerwehr Arpke","isPartOf":{"@id":"https:\/\/feuerwehrarpke.de\/WordPress_02\/#website"},"datePublished":"2022-07-15T08:15:39+00:00","dateModified":"2022-09-05T17:23:33+00:00","breadcrumb":{"@id":"https:\/\/feuerwehrarpke.de\/WordPress_02\/ueber-uns\/#breadcrumb"},"inLanguage":"de","potentialAction":[{"@type":"ReadAction","target":["https:\/\/feuerwehrarpke.de\/WordPress_02\/ueber-uns\/"]}]},{"@type":"BreadcrumbList","@id":"https:\/\/feuerwehrarpke.de\/WordPress_02\/ueber-uns\/#breadcrumb","itemListElement":[{"@type":"ListItem","position":1,"name":"Startseite","item":"https:\/\/feuerwehrarpke.de\/WordPress_02\/"},{"@type":"ListItem","position":2,"name":"\u00dcberUns"}]},{"@type":"WebSite","@id":"https:\/\/feuerwehrarpke.de\/WordPress_02\/#website","url":"https:\/\/feuerwehrarpke.de\/WordPress_02\/","name":"Feuerwehr Arpke","description":"Homepage der Feuerwehr Arpke","publisher":{"@id":"https:\/\/feuerwehrarpke.de\/WordPress_02\/#organization"},"potentialAction":[{"@type":"SearchAction","target":{"@type":"EntryPoint","urlTemplate":"https:\/\/feuerwehrarpke.de\/WordPress_02\/?s={search_term_string}"},"query-input":{"@type":"PropertyValueSpecification","valueRequired":true,"valueName":"search_term_string"}}],"inLanguage":"de"},{"@type":"Organization","@id":"https:\/\/feuerwehrarpke.de\/WordPress_02\/#organization","name":"Feuerwehr Arpke","url":"https:\/\/feuerwehrarpke.de\/WordPress_02\/","logo":{"@type":"ImageObject","inLanguage":"de","@id":"https:\/\/feuerwehrarpke.de\/WordPress_02\/#\/schema\/logo\/image\/","url":"https:\/\/feuerwehrarpke.de\/WordPress_02\/wp-content\/uploads\/2019\/12\/Logo_Feuerwehr_Lehrte.png","contentUrl":"https:\/\/feuerwehrarpke.de\/WordPress_02\/wp-content\/uploads\/2019\/12\/Logo_Feuerwehr_Lehrte.png","width":512,"height":512,"caption":"Feuerwehr Arpke"},"image":{"@id":"https:\/\/feuerwehrarpke.de\/WordPress_02\/#\/schema\/logo\/image\/"},"sameAs":["https:\/\/www.facebook.com\/ffarpke","https:\/\/www.instagram.com\/ffarpke\/"]}]}},"builder_content":"<h3>4. Zug<br\/>Ortsfeuerwehr Arpke<\/h3>\n<p style=\"text-align: center;\">Im \u00f6stlichen Bereich des Stadtgebietes Lehrte bildet die Ortsfeuerwehr Arpke mit der Feuerwehr Sievershausen den L\u00f6schzug 4 der Feuerwehr Lehrte.<\/p> <p style=\"text-align: center;\">Rund 50 Kameraden leisten in der Ortsfeuerwehr Arpke ihren aktiven Einsatzdienst ab. Unser Schwerpunkt als L\u00f6schzug 4 liegt im Bereich Atemschutz. Des weiteren beteiligen wir uns am ABC Zug der Region Hannover Ost.<\/p> <p style=\"text-align: center;\">Das Feuerwehrhaus ist zentral am Dorfteich Arpke gelegen und Treffpunkt f\u00fcr Jung und Alt. Die Ortsfeuerwehr Arpke setzt sich zusammen aus den Abteilungen Kinderfeuerwehr, Jugendfeuerwehr, Einsatzabteilung, Alters- und Ehrenabteilung sowie zahlreichen f\u00f6rdernden Mitgliedern.<\/p> <p style=\"text-align: center;\">Die Ortsfeuerwehr Arpke wird unterst\u00fctzt durch den F\u00f6rderverein der Ortsfeuerwehr Arpke. Dieser spendet regelm\u00e4\u00dfig nach Bedarf an die verschiedenen Abteilungen der Ortsfeuerwehr. So k\u00f6nnen beispielsweise Ma\u00dfnahmen der Mitgliederwerbung, Anschaffungen f\u00fcr die Kinder- und Jugendfeuerwehr wie auch Einsatzmittel (welche nicht in der Anschaffungsplanung der Stadt Lehrte vorgesehen sind) finanziert werden.<\/p>","_links":{"self":[{"href":"https:\/\/feuerwehrarpke.de\/WordPress_02\/wp-json\/wp\/v2\/pages\/24188","targetHints":{"allow":["GET"]}}],"collection":[{"href":"https:\/\/feuerwehrarpke.de\/WordPress_02\/wp-json\/wp\/v2\/pages"}],"about":[{"href":"https:\/\/feuerwehrarpke.de\/WordPress_02\/wp-json\/wp\/v2\/types\/page"}],"author":[{"embeddable":true,"href":"https:\/\/feuerwehrarpke.de\/WordPress_02\/wp-json\/wp\/v2\/users\/50"}],"replies":[{"embeddable":true,"href":"https:\/\/feuerwehrarpke.de\/WordPress_02\/wp-json\/wp\/v2\/comments?post=24188"}],"version-history":[{"count":0,"href":"https:\/\/feuerwehrarpke.de\/WordPress_02\/wp-json\/wp\/v2\/pages\/24188\/revisions"}],"wp:attachment":[{"href":"https:\/\/feuerwehrarpke.de\/WordPress_02\/wp-json\/wp\/v2\/media?parent=24188"}],"curies":[{"name":"wp","href":"https:\/\/api.w.org\/{rel}","templated":true}]}}