{"id":24258,"date":"2022-08-19T13:53:29","date_gmt":"2022-08-19T11:53:29","guid":{"rendered":"https:\/\/feuerwehrarpke.de\/WordPress_02\/?page_id=24258"},"modified":"2024-06-15T13:16:53","modified_gmt":"2024-06-15T11:16:53","slug":"foerderverein","status":"publish","type":"page","link":"https:\/\/feuerwehrarpke.de\/WordPress_02\/foerderverein\/","title":{"rendered":"F\u00f6rderverein"},"content":{"rendered":"<div id=\"themify_builder_content-24258\" data-postid=\"24258\" class=\"themify_builder_content themify_builder_content-24258 themify_builder\">\n    \t<!-- module_row -->\n\t<div  class=\"themify_builder_row module_row clearfix module_row_0 themify_builder_24258_row module_row_24258-0 tb_t29s313\">\n\t    \t    <div class=\"row_inner col_align_top\" >\n\t\t\t<div  class=\"module_column tb-column col-full first tb_24258_column module_column_0 module_column_24258-0-0 tb_f3i9314\">\n\t    \t    \t        <div class=\"tb-column-inner\">\n\t\t            <!-- module fancy heading -->\n    <div  class=\"module module-fancy-heading tb_lp93129  \">\n\t        <h3 class=\"fancy-heading tb-align-center\">\n        <span  class=\"main-head\">\n            F\u00f6rderverein        <\/span>\n        <span class=\"sub-head\">\n            der freiwilligen Feuerwehr e.V.        <\/span>\n\n        <\/h3>\n    <\/div>\n    <!-- \/module fancy heading -->\n\t        <\/div>\n\t    \t<\/div>\n\t\t    <\/div>\n\t    <!-- \/row_inner -->\n\t<\/div>\n\t<!-- \/module_row -->\n\t\t<!-- module_row -->\n\t<div  class=\"themify_builder_row module_row clearfix module_row_1 themify_builder_24258_row module_row_24258-1 tb_tthz884\">\n\t    \t    <div class=\"row_inner col_align_top\" >\n\t\t\t<div  class=\"module_column tb-column col-full first tb_24258_column module_column_0 module_column_24258-1-0 tb_nq28884\">\n\t    \t    \t        <div class=\"tb-column-inner\">\n\t\t    \t<!-- module alert -->\n    <div  class=\"module ui module-alert tb_modn504 button-bottom-center light-blue  rounded repeat \" data-auto-close=\"\" data-module-id=\"tb_modn504\" data-alert-limit=\"\">\n\t\t\n\t<div class=\"alert-inner\">\n\t    <div class=\"alert-content\">\n\t\t<h3 class=\"alert-heading\">Du m\u00f6chtest uns unterst\u00fctzen?<\/h3>\n\t\t<div class=\"tb_text_wrap\">\n\t\t    \t\t<\/div>\n\t    <\/div>\n\t    <!-- \/alert-content -->\n\t    \t\t<div class=\"alert-button\">\n\t\t    <a href=\"https:\/\/feuerwehrarpke.de\/WordPress_02\/antragsformular-foerderverein\/\" class=\"ui builder_button orange rounded shadow \" rel=\"noopener\" target=\"_blank\">\n\t\t\t<span class=\"tb_alert_text\">Hier geht's zum Antragsformular<\/span>\n\t\t    <\/a>\n\t\t<\/div>\n\t    \t<\/div>\n\t<div class=\"alert-close ti-close\"><\/div>\n\t<!-- \/alert-content -->\n    <\/div>\n        <!-- \/module alert -->\n    <!-- module image -->\n    <div  class=\"module module-image tb_hji0633 drop-shadow image-center  \">\n\t                <div class=\"image-wrap\">\n                            <img loading=\"lazy\" decoding=\"async\" src=\"https:\/\/feuerwehrarpke.de\/WordPress_02\/wp-content\/uploads\/2023\/04\/Neuer_Vorstand_Foerderverein-600x600.png\" width=\"600\" height=\"600\" class=\" wp-post-image wp-image-24480\" title=\"Der Neue Vorstand des F\u00f6rdervereins der Freiwilligen Feuerwehr Arpke\" alt=\"Nach 20 Jahren gibt es einen F\u00fchrungswechsel beim F\u00f6rderverein der freiwilligen Feuerwehr Arpke. Friedel Meyer und Bernd Brennecke geben den F\u00f6rderverein in die H\u00e4nde des neuen Vorstands. Wir danken dem alten Vorstand und w\u00fcnschen dem Neuen viel Erfolg!\n\nFalls ihr es nicht wusstet, wer uns passiv unterst\u00fctzen m\u00f6chte, der kann dies gern \u00fcber unseren F\u00f6rderverein machen. Sprecht uns oder den Vorstand einfach gern an!\" srcset=\"https:\/\/feuerwehrarpke.de\/WordPress_02\/wp-content\/uploads\/2023\/04\/Neuer_Vorstand_Foerderverein-600x600.png 600w, https:\/\/feuerwehrarpke.de\/WordPress_02\/wp-content\/uploads\/2023\/04\/Neuer_Vorstand_Foerderverein-300x300.png 300w, https:\/\/feuerwehrarpke.de\/WordPress_02\/wp-content\/uploads\/2023\/04\/Neuer_Vorstand_Foerderverein-150x150.png 150w, https:\/\/feuerwehrarpke.de\/WordPress_02\/wp-content\/uploads\/2023\/04\/Neuer_Vorstand_Foerderverein.png 923w\" sizes=\"auto, (max-width: 600px) 100vw, 600px\" \/>            \n                        <\/div>\n            <!-- \/image-wrap -->\n        \n                    <div class=\"image-content\">\n                                    <h3 class=\"image-title\">\n                                                    Der Neue Vorstand des F\u00f6rdervereins der Freiwilligen Feuerwehr Arpke                                            <\/h3>\n                \n\t\t                    <div class=\"image-caption tb_text_wrap\">\n                        Nach 20 Jahren gibt es einen F\u00fchrungswechsel beim F\u00f6rderverein der freiwilligen Feuerwehr Arpke. Friedel Meyer und Bernd Brennecke geben den F\u00f6rderverein in die H\u00e4nde des neuen Vorstands. Wir danken dem alten Vorstand und w\u00fcnschen dem Neuen viel Erfolg!\n\nFalls ihr es nicht wusstet, wer uns passiv unterst\u00fctzen m\u00f6chte, der kann dies gern \u00fcber unseren F\u00f6rderverein machen. Sprecht uns oder den Vorstand einfach gern an!                <\/div>\n                <!-- \/image-caption -->\n                            <\/div>\n            <!-- \/image-content -->\n        \n        <\/div>\n    <!-- \/module image -->\n    <!-- module divider -->\n    <div  class=\"module module-divider tb_3ffw394 dashed    \" style=\"border-width: 1px;border-color: #000000;margin-top: 20px;margin-bottom: 20px;\">\n\t            <\/div>\n    <!-- \/module divider -->\n        <!-- module fancy heading -->\n    <div  class=\"module module-fancy-heading tb_5ek741  \">\n\t        <h3 class=\"fancy-heading tb-align-center\">\n        <span  class=\"main-head\">\n            Was ist der F\u00f6rderverein?        <\/span>\n        <span class=\"sub-head\">\n                    <\/span>\n\n        <\/h3>\n    <\/div>\n    <!-- \/module fancy heading -->\n<!-- module text -->\n<div  class=\"module module-text tb_sd0782  repeat  \">\n            <div  class=\"tb_text_wrap\">\n    <p style=\"text-align: center;\">Am 15.02.2003 wurde der F\u00f6rderverein der Freiwilligen Feuerwehr Arpke e.V. von 10 Mitgliedern (Aktive und F\u00f6rdernde Kameraden der Freiwilligen Feuerwehr Arpke) gegr\u00fcndet und z\u00e4hlt heute\u00a0101 Mitglieder.<\/p><p style=\"text-align: center;\">Der \u201eF\u00f6rderverein der Freiwilligen Feuerwehr Arpke e.V.\u201c hat u.a. die Aufgabe:<\/p><ul><li style=\"text-align: left;\">das Feuerwehrwesen im Ortsteil Arpke der Stadt Lehrte zu f\u00f6rdern,<\/li><li style=\"text-align: left;\">die Grunds\u00e4tze des freiwilligen Feuerschutzes zu pflegen und durch gemeinschaftliche Veranstaltungen kameradschaftliche Verbindungen zwischen den Mitgliedern des Vereins und anderen Feuerwehren herzustellen und<\/li><li style=\"text-align: left;\">die Jugendfeuerwehr zu f\u00f6rdern<\/li><\/ul>    <\/div>\n<\/div>\n<!-- \/module text -->\n\t        <\/div>\n\t    \t<\/div>\n\t\t    <\/div>\n\t    <!-- \/row_inner -->\n\t<\/div>\n\t<!-- \/module_row -->\n\t\t<!-- module_row -->\n\t<div  class=\"themify_builder_row module_row clearfix module_row_2 themify_builder_24258_row module_row_24258-2 tb_y89r516\">\n\t    \t    <div class=\"row_inner col_align_top\" >\n\t\t\t<div  class=\"module_column tb-column col-full first tb_24258_column module_column_0 module_column_24258-2-0 tb_a6tl517\">\n\t    \t    \t        <div class=\"tb-column-inner\">\n\t\t        <!-- module image -->\n    <div  class=\"module module-image tb_ngr3989  image-center  \">\n\t                <div class=\"image-wrap\">\n                            <img loading=\"lazy\" decoding=\"async\" src=\"https:\/\/feuerwehrarpke.de\/WordPress_02\/wp-content\/uploads\/2022\/07\/Dorffest-1-800x400.jpg\" width=\"800\" height=\"400\" class=\" wp-post-image wp-image-24124\" alt=\"Dorffest 1\" \/>            \n                        <\/div>\n            <!-- \/image-wrap -->\n        \n        \n        <\/div>\n    <!-- \/module image -->\n\t        <\/div>\n\t    \t<\/div>\n\t\t    <\/div>\n\t    <!-- \/row_inner -->\n\t<\/div>\n\t<!-- \/module_row -->\n\t<\/div>\n\n","protected":false},"excerpt":{"rendered":"<p>Am 15.02.2003 wurde der F\u00f6rderverein der Freiwilligen Feuerwehr Arpke e.V. von 10 Mitgliedern (Aktive und F\u00f6rdernde Kameraden der Freiwilligen Feuerwehr Arpke) gegr\u00fcndet und z\u00e4hlt heute\u00a0101 Mitglieder.Der \u201eF\u00f6rderverein der Freiwilligen Feuerwehr [&hellip;]<\/p>\n","protected":false},"author":50,"featured_media":0,"parent":0,"menu_order":0,"comment_status":"closed","ping_status":"closed","template":"","meta":{"footnotes":""},"class_list":["post-24258","page","type-page","status-publish","hentry","has-post-title","has-post-date","has-post-category","has-post-tag","has-post-comment","has-post-author",""],"yoast_head":"<!-- This site is optimized with the Yoast SEO plugin v27.4 - https:\/\/yoast.com\/product\/yoast-seo-wordpress\/ -->\n<title>F\u00f6rderverein - Feuerwehr Arpke<\/title>\n<meta name=\"description\" content=\"Die Mitglieder unseres F\u00f6rdervereins sind freiwillige Helfer, die unsere Arbeit unterst\u00fctzen, damit wir jederzeit Top vorbereitet sind!\" \/>\n<meta name=\"robots\" content=\"index, follow, max-snippet:-1, max-image-preview:large, max-video-preview:-1\" \/>\n<link rel=\"canonical\" href=\"https:\/\/feuerwehrarpke.de\/WordPress_02\/foerderverein\/\" \/>\n<meta property=\"og:locale\" content=\"de_DE\" \/>\n<meta property=\"og:type\" content=\"article\" \/>\n<meta property=\"og:title\" content=\"F\u00f6rderverein - Feuerwehr Arpke\" \/>\n<meta property=\"og:description\" content=\"Die Mitglieder unseres F\u00f6rdervereins sind freiwillige Helfer, die unsere Arbeit unterst\u00fctzen, damit wir jederzeit Top vorbereitet sind!\" \/>\n<meta property=\"og:url\" content=\"https:\/\/feuerwehrarpke.de\/WordPress_02\/foerderverein\/\" \/>\n<meta property=\"og:site_name\" content=\"Feuerwehr Arpke\" \/>\n<meta property=\"article:publisher\" content=\"https:\/\/www.facebook.com\/ffarpke\" \/>\n<meta property=\"article:modified_time\" content=\"2024-06-15T11:16:53+00:00\" \/>\n<meta property=\"og:image\" content=\"https:\/\/feuerwehrarpke.de\/WordPress_02\/wp-content\/uploads\/2020\/04\/10712998_632939373479388_5669404394641876392_n-1.jpg\" \/>\n\t<meta property=\"og:image:width\" content=\"500\" \/>\n\t<meta property=\"og:image:height\" content=\"500\" \/>\n\t<meta property=\"og:image:type\" content=\"image\/jpeg\" \/>\n<meta name=\"twitter:label1\" content=\"Gesch\u00e4tzte Lesezeit\" \/>\n\t<meta name=\"twitter:data1\" content=\"2\u00a0Minuten\" \/>\n<script type=\"application\/ld+json\" class=\"yoast-schema-graph\">{\"@context\":\"https:\\\/\\\/schema.org\",\"@graph\":[{\"@type\":\"WebPage\",\"@id\":\"https:\\\/\\\/feuerwehrarpke.de\\\/WordPress_02\\\/foerderverein\\\/\",\"url\":\"https:\\\/\\\/feuerwehrarpke.de\\\/WordPress_02\\\/foerderverein\\\/\",\"name\":\"F\u00f6rderverein - Feuerwehr Arpke\",\"isPartOf\":{\"@id\":\"https:\\\/\\\/feuerwehrarpke.de\\\/WordPress_02\\\/#website\"},\"datePublished\":\"2022-08-19T11:53:29+00:00\",\"dateModified\":\"2024-06-15T11:16:53+00:00\",\"description\":\"Die Mitglieder unseres F\u00f6rdervereins sind freiwillige Helfer, die unsere Arbeit unterst\u00fctzen, damit wir jederzeit Top vorbereitet sind!\",\"breadcrumb\":{\"@id\":\"https:\\\/\\\/feuerwehrarpke.de\\\/WordPress_02\\\/foerderverein\\\/#breadcrumb\"},\"inLanguage\":\"de\",\"potentialAction\":[{\"@type\":\"ReadAction\",\"target\":[\"https:\\\/\\\/feuerwehrarpke.de\\\/WordPress_02\\\/foerderverein\\\/\"]}]},{\"@type\":\"BreadcrumbList\",\"@id\":\"https:\\\/\\\/feuerwehrarpke.de\\\/WordPress_02\\\/foerderverein\\\/#breadcrumb\",\"itemListElement\":[{\"@type\":\"ListItem\",\"position\":1,\"name\":\"Startseite\",\"item\":\"https:\\\/\\\/feuerwehrarpke.de\\\/WordPress_02\\\/\"},{\"@type\":\"ListItem\",\"position\":2,\"name\":\"F\u00f6rderverein\"}]},{\"@type\":\"WebSite\",\"@id\":\"https:\\\/\\\/feuerwehrarpke.de\\\/WordPress_02\\\/#website\",\"url\":\"https:\\\/\\\/feuerwehrarpke.de\\\/WordPress_02\\\/\",\"name\":\"Feuerwehr Arpke\",\"description\":\"Homepage der Feuerwehr Arpke\",\"publisher\":{\"@id\":\"https:\\\/\\\/feuerwehrarpke.de\\\/WordPress_02\\\/#organization\"},\"potentialAction\":[{\"@type\":\"SearchAction\",\"target\":{\"@type\":\"EntryPoint\",\"urlTemplate\":\"https:\\\/\\\/feuerwehrarpke.de\\\/WordPress_02\\\/?s={search_term_string}\"},\"query-input\":{\"@type\":\"PropertyValueSpecification\",\"valueRequired\":true,\"valueName\":\"search_term_string\"}}],\"inLanguage\":\"de\"},{\"@type\":\"Organization\",\"@id\":\"https:\\\/\\\/feuerwehrarpke.de\\\/WordPress_02\\\/#organization\",\"name\":\"Feuerwehr Arpke\",\"url\":\"https:\\\/\\\/feuerwehrarpke.de\\\/WordPress_02\\\/\",\"logo\":{\"@type\":\"ImageObject\",\"inLanguage\":\"de\",\"@id\":\"https:\\\/\\\/feuerwehrarpke.de\\\/WordPress_02\\\/#\\\/schema\\\/logo\\\/image\\\/\",\"url\":\"https:\\\/\\\/feuerwehrarpke.de\\\/WordPress_02\\\/wp-content\\\/uploads\\\/2019\\\/12\\\/Logo_Feuerwehr_Lehrte.png\",\"contentUrl\":\"https:\\\/\\\/feuerwehrarpke.de\\\/WordPress_02\\\/wp-content\\\/uploads\\\/2019\\\/12\\\/Logo_Feuerwehr_Lehrte.png\",\"width\":512,\"height\":512,\"caption\":\"Feuerwehr Arpke\"},\"image\":{\"@id\":\"https:\\\/\\\/feuerwehrarpke.de\\\/WordPress_02\\\/#\\\/schema\\\/logo\\\/image\\\/\"},\"sameAs\":[\"https:\\\/\\\/www.facebook.com\\\/ffarpke\",\"https:\\\/\\\/www.instagram.com\\\/ffarpke\\\/\"]}]}<\/script>\n<!-- \/ Yoast SEO plugin. -->","yoast_head_json":{"title":"F\u00f6rderverein - Feuerwehr Arpke","description":"Die Mitglieder unseres F\u00f6rdervereins sind freiwillige Helfer, die unsere Arbeit unterst\u00fctzen, damit wir jederzeit Top vorbereitet sind!","robots":{"index":"index","follow":"follow","max-snippet":"max-snippet:-1","max-image-preview":"max-image-preview:large","max-video-preview":"max-video-preview:-1"},"canonical":"https:\/\/feuerwehrarpke.de\/WordPress_02\/foerderverein\/","og_locale":"de_DE","og_type":"article","og_title":"F\u00f6rderverein - Feuerwehr Arpke","og_description":"Die Mitglieder unseres F\u00f6rdervereins sind freiwillige Helfer, die unsere Arbeit unterst\u00fctzen, damit wir jederzeit Top vorbereitet sind!","og_url":"https:\/\/feuerwehrarpke.de\/WordPress_02\/foerderverein\/","og_site_name":"Feuerwehr Arpke","article_publisher":"https:\/\/www.facebook.com\/ffarpke","article_modified_time":"2024-06-15T11:16:53+00:00","og_image":[{"width":500,"height":500,"url":"https:\/\/feuerwehrarpke.de\/WordPress_02\/wp-content\/uploads\/2020\/04\/10712998_632939373479388_5669404394641876392_n-1.jpg","type":"image\/jpeg"}],"twitter_misc":{"Gesch\u00e4tzte Lesezeit":"2\u00a0Minuten"},"schema":{"@context":"https:\/\/schema.org","@graph":[{"@type":"WebPage","@id":"https:\/\/feuerwehrarpke.de\/WordPress_02\/foerderverein\/","url":"https:\/\/feuerwehrarpke.de\/WordPress_02\/foerderverein\/","name":"F\u00f6rderverein - Feuerwehr Arpke","isPartOf":{"@id":"https:\/\/feuerwehrarpke.de\/WordPress_02\/#website"},"datePublished":"2022-08-19T11:53:29+00:00","dateModified":"2024-06-15T11:16:53+00:00","description":"Die Mitglieder unseres F\u00f6rdervereins sind freiwillige Helfer, die unsere Arbeit unterst\u00fctzen, damit wir jederzeit Top vorbereitet sind!","breadcrumb":{"@id":"https:\/\/feuerwehrarpke.de\/WordPress_02\/foerderverein\/#breadcrumb"},"inLanguage":"de","potentialAction":[{"@type":"ReadAction","target":["https:\/\/feuerwehrarpke.de\/WordPress_02\/foerderverein\/"]}]},{"@type":"BreadcrumbList","@id":"https:\/\/feuerwehrarpke.de\/WordPress_02\/foerderverein\/#breadcrumb","itemListElement":[{"@type":"ListItem","position":1,"name":"Startseite","item":"https:\/\/feuerwehrarpke.de\/WordPress_02\/"},{"@type":"ListItem","position":2,"name":"F\u00f6rderverein"}]},{"@type":"WebSite","@id":"https:\/\/feuerwehrarpke.de\/WordPress_02\/#website","url":"https:\/\/feuerwehrarpke.de\/WordPress_02\/","name":"Feuerwehr Arpke","description":"Homepage der Feuerwehr Arpke","publisher":{"@id":"https:\/\/feuerwehrarpke.de\/WordPress_02\/#organization"},"potentialAction":[{"@type":"SearchAction","target":{"@type":"EntryPoint","urlTemplate":"https:\/\/feuerwehrarpke.de\/WordPress_02\/?s={search_term_string}"},"query-input":{"@type":"PropertyValueSpecification","valueRequired":true,"valueName":"search_term_string"}}],"inLanguage":"de"},{"@type":"Organization","@id":"https:\/\/feuerwehrarpke.de\/WordPress_02\/#organization","name":"Feuerwehr Arpke","url":"https:\/\/feuerwehrarpke.de\/WordPress_02\/","logo":{"@type":"ImageObject","inLanguage":"de","@id":"https:\/\/feuerwehrarpke.de\/WordPress_02\/#\/schema\/logo\/image\/","url":"https:\/\/feuerwehrarpke.de\/WordPress_02\/wp-content\/uploads\/2019\/12\/Logo_Feuerwehr_Lehrte.png","contentUrl":"https:\/\/feuerwehrarpke.de\/WordPress_02\/wp-content\/uploads\/2019\/12\/Logo_Feuerwehr_Lehrte.png","width":512,"height":512,"caption":"Feuerwehr Arpke"},"image":{"@id":"https:\/\/feuerwehrarpke.de\/WordPress_02\/#\/schema\/logo\/image\/"},"sameAs":["https:\/\/www.facebook.com\/ffarpke","https:\/\/www.instagram.com\/ffarpke\/"]}]}},"builder_content":"<h3>F\u00f6rderverein<br\/>der freiwilligen Feuerwehr e.V.<\/h3>\n<h3>Du m\u00f6chtest uns unterst\u00fctzen?<\/h3> <a href=\"https:\/\/feuerwehrarpke.de\/WordPress_02\/antragsformular-foerderverein\/\" rel=\"noopener\" target=\"_blank\"> Hier geht's zum Antragsformular <\/a>\n<img loading=\"lazy\" decoding=\"async\" src=\"https:\/\/feuerwehrarpke.de\/WordPress_02\/wp-content\/uploads\/2023\/04\/Neuer_Vorstand_Foerderverein-600x600.png\" width=\"600\" height=\"600\" title=\"Der Neue Vorstand des F\u00f6rdervereins der Freiwilligen Feuerwehr Arpke\" alt=\"Nach 20 Jahren gibt es einen F\u00fchrungswechsel beim F\u00f6rderverein der freiwilligen Feuerwehr Arpke. Friedel Meyer und Bernd Brennecke geben den F\u00f6rderverein in die H\u00e4nde des neuen Vorstands. Wir danken dem alten Vorstand und w\u00fcnschen dem Neuen viel Erfolg!\nFalls ihr es nicht wusstet, wer uns passiv unterst\u00fctzen m\u00f6chte, der kann dies gern \u00fcber unseren F\u00f6rderverein machen. Sprecht uns oder den Vorstand einfach gern an!\" srcset=\"https:\/\/feuerwehrarpke.de\/WordPress_02\/wp-content\/uploads\/2023\/04\/Neuer_Vorstand_Foerderverein-600x600.png 600w, https:\/\/feuerwehrarpke.de\/WordPress_02\/wp-content\/uploads\/2023\/04\/Neuer_Vorstand_Foerderverein-300x300.png 300w, https:\/\/feuerwehrarpke.de\/WordPress_02\/wp-content\/uploads\/2023\/04\/Neuer_Vorstand_Foerderverein-150x150.png 150w, https:\/\/feuerwehrarpke.de\/WordPress_02\/wp-content\/uploads\/2023\/04\/Neuer_Vorstand_Foerderverein.png 923w\" sizes=\"auto, (max-width: 600px) 100vw, 600px\" \/> <h3> Der Neue Vorstand des F\u00f6rdervereins der Freiwilligen Feuerwehr Arpke <\/h3> Nach 20 Jahren gibt es einen F\u00fchrungswechsel beim F\u00f6rderverein der freiwilligen Feuerwehr Arpke. Friedel Meyer und Bernd Brennecke geben den F\u00f6rderverein in die H\u00e4nde des neuen Vorstands. Wir danken dem alten Vorstand und w\u00fcnschen dem Neuen viel Erfolg!\nFalls ihr es nicht wusstet, wer uns passiv unterst\u00fctzen m\u00f6chte, der kann dies gern \u00fcber unseren F\u00f6rderverein machen. Sprecht uns oder den Vorstand einfach gern an!\n\n<h3>Was ist der F\u00f6rderverein?<br\/><\/h3>\n<p style=\"text-align: center;\">Am 15.02.2003 wurde der F\u00f6rderverein der Freiwilligen Feuerwehr Arpke e.V. von 10 Mitgliedern (Aktive und F\u00f6rdernde Kameraden der Freiwilligen Feuerwehr Arpke) gegr\u00fcndet und z\u00e4hlt heute\u00a0101 Mitglieder.<\/p><p style=\"text-align: center;\">Der \u201eF\u00f6rderverein der Freiwilligen Feuerwehr Arpke e.V.\u201c hat u.a. die Aufgabe:<\/p><ul><li style=\"text-align: left;\">das Feuerwehrwesen im Ortsteil Arpke der Stadt Lehrte zu f\u00f6rdern,<\/li><li style=\"text-align: left;\">die Grunds\u00e4tze des freiwilligen Feuerschutzes zu pflegen und durch gemeinschaftliche Veranstaltungen kameradschaftliche Verbindungen zwischen den Mitgliedern des Vereins und anderen Feuerwehren herzustellen und<\/li><li style=\"text-align: left;\">die Jugendfeuerwehr zu f\u00f6rdern<\/li><\/ul>\n<img loading=\"lazy\" decoding=\"async\" src=\"https:\/\/feuerwehrarpke.de\/WordPress_02\/wp-content\/uploads\/2022\/07\/Dorffest-1-800x400.jpg\" width=\"800\" height=\"400\" alt=\"Dorffest 1\" \/>","_links":{"self":[{"href":"https:\/\/feuerwehrarpke.de\/WordPress_02\/wp-json\/wp\/v2\/pages\/24258","targetHints":{"allow":["GET"]}}],"collection":[{"href":"https:\/\/feuerwehrarpke.de\/WordPress_02\/wp-json\/wp\/v2\/pages"}],"about":[{"href":"https:\/\/feuerwehrarpke.de\/WordPress_02\/wp-json\/wp\/v2\/types\/page"}],"author":[{"embeddable":true,"href":"https:\/\/feuerwehrarpke.de\/WordPress_02\/wp-json\/wp\/v2\/users\/50"}],"replies":[{"embeddable":true,"href":"https:\/\/feuerwehrarpke.de\/WordPress_02\/wp-json\/wp\/v2\/comments?post=24258"}],"version-history":[{"count":0,"href":"https:\/\/feuerwehrarpke.de\/WordPress_02\/wp-json\/wp\/v2\/pages\/24258\/revisions"}],"wp:attachment":[{"href":"https:\/\/feuerwehrarpke.de\/WordPress_02\/wp-json\/wp\/v2\/media?parent=24258"}],"curies":[{"name":"wp","href":"https:\/\/api.w.org\/{rel}","templated":true}]}}